{"id":2315,"date":"2021-03-11T13:37:30","date_gmt":"2021-03-11T12:37:30","guid":{"rendered":"http:\/\/role1618.odns.fr\/jardin\/"},"modified":"2024-03-12T15:41:16","modified_gmt":"2024-03-12T14:41:16","slug":"jardin","status":"publish","type":"page","link":"https:\/\/www.domainecadignac.com\/fr\/jardin\/","title":{"rendered":"JARDIN"},"content":{"rendered":"\n<p class=\"has-drop-cap\">Notre jardin est une oasis de paix et de beaut\u00e9. Il se compose de terrasses qui s&rsquo;\u00e9tendent gracieusement depuis notre maison jusqu&rsquo;\u00e0 la vall\u00e9e luxuriante. Chaque niveau de cette oasis de verdure a son propre charme. Il offre une exp\u00e9rience particuli\u00e8re \u00e0 tous ceux qui entrent dans le jardin.<\/p>\n\n<p>Juste \u00e0 c\u00f4t\u00e9 de la piscine \u00e9tincelante se trouve une oliveraie, o\u00f9 nous avons cr\u00e9\u00e9 un coin salon confortable. \u00c0 l&rsquo;ombre des oliviers, c&rsquo;est l&rsquo;endroit id\u00e9al pour se d\u00e9tendre et profiter de l&rsquo;atmosph\u00e8re m\u00e9diterran\u00e9enne. Ici, entour\u00e9 par les feuilles vertes des oliviers, vous pouvez lire un bon livre ou simplement prendre le temps d&rsquo;\u00e9couter le chant apaisant des cigales.  <\/p>\n\n<figure class=\"wp-block-gallery has-nested-images columns-default is-cropped wp-block-gallery-2 is-layout-flex wp-block-gallery-is-layout-flex\">\n<figure class=\"wp-block-image size-large\"><a href=\"https:\/\/domainecadignac.com\/wp-content\/uploads\/2021\/03\/img_4196-scaled.jpg\"><img decoding=\"async\" data-id=\"330\" src=\"https:\/\/domainecadignacgites.files.wordpress.com\/2021\/03\/img_4196.jpg?w=1024\" alt=\"\" class=\"wp-image-330\"\/><\/a><\/figure>\n\n\n\n<figure class=\"wp-block-image size-large\"><a href=\"https:\/\/domainecadignac.com\/wp-content\/uploads\/2021\/03\/img_4197-scaled.jpg\"><img decoding=\"async\" data-id=\"332\" src=\"https:\/\/domainecadignacgites.files.wordpress.com\/2021\/03\/img_4197.jpg?w=1024\" alt=\"\" class=\"wp-image-332\"\/><\/a><\/figure>\n\n\n\n<figure class=\"wp-block-image size-large\"><a href=\"https:\/\/domainecadignac.com\/wp-content\/uploads\/2021\/03\/img_4199-scaled.jpg\"><img decoding=\"async\" data-id=\"333\" src=\"https:\/\/domainecadignacgites.files.wordpress.com\/2021\/03\/img_4199.jpg?w=1024\" alt=\"\" class=\"wp-image-333\"\/><\/a><\/figure>\n\n\n\n<figure class=\"wp-block-image size-large\"><a href=\"https:\/\/domainecadignac.com\/wp-content\/uploads\/2021\/03\/img_4200-3-scaled.jpg\"><img decoding=\"async\" data-id=\"334\" src=\"https:\/\/domainecadignacgites.files.wordpress.com\/2021\/03\/img_4200-3.jpg?w=1024\" alt=\"\" class=\"wp-image-334\"\/><\/a><\/figure>\n\n\n\n<figure class=\"wp-block-image size-large\"><a href=\"https:\/\/domainecadignac.com\/wp-content\/uploads\/2021\/03\/img_4214-scaled.jpg\"><img decoding=\"async\" data-id=\"335\" src=\"https:\/\/domainecadignacgites.files.wordpress.com\/2021\/03\/img_4214.jpg?w=1024\" alt=\"\" class=\"wp-image-335\"\/><\/a><\/figure>\n\n\n\n<figure class=\"wp-block-image size-large\"><a href=\"https:\/\/domainecadignac.com\/wp-content\/uploads\/2021\/03\/img_4221-scaled.jpg\"><img decoding=\"async\" data-id=\"336\" src=\"https:\/\/domainecadignacgites.files.wordpress.com\/2021\/03\/img_4221.jpg?w=1024\" alt=\"\" class=\"wp-image-336\"\/><\/a><\/figure>\n\n\n\n<figure class=\"wp-block-image size-large\"><a href=\"https:\/\/domainecadignac.com\/wp-content\/uploads\/2021\/03\/img_4228-scaled.jpg\"><img decoding=\"async\" data-id=\"337\" src=\"https:\/\/domainecadignacgites.files.wordpress.com\/2021\/03\/img_4228.jpg?w=1024\" alt=\"\" class=\"wp-image-337\"\/><\/a><\/figure>\n\n\n\n<figure class=\"wp-block-image size-large\"><a href=\"https:\/\/domainecadignac.com\/wp-content\/uploads\/2021\/03\/img_4232-scaled.jpg\"><img decoding=\"async\" data-id=\"338\" src=\"https:\/\/domainecadignacgites.files.wordpress.com\/2021\/03\/img_4232.jpg?w=1024\" alt=\"\" class=\"wp-image-338\"\/><\/a><\/figure>\n\n\n\n<figure class=\"wp-block-image size-large\"><a href=\"https:\/\/domainecadignac.com\/wp-content\/uploads\/2021\/03\/img_4233-scaled.jpg\"><img decoding=\"async\" data-id=\"339\" src=\"https:\/\/domainecadignacgites.files.wordpress.com\/2021\/03\/img_4233.jpg?w=1024\" alt=\"\" class=\"wp-image-339\"\/><\/a><\/figure>\n\n\n\n<figure class=\"wp-block-image size-large\"><a href=\"https:\/\/domainecadignac.com\/wp-content\/uploads\/2021\/03\/img_4234-scaled.jpg\"><img decoding=\"async\" data-id=\"340\" src=\"https:\/\/domainecadignacgites.files.wordpress.com\/2021\/03\/img_4234.jpg?w=1024\" alt=\"\" class=\"wp-image-340\"\/><\/a><\/figure>\n\n\n\n<figure class=\"wp-block-image size-large\"><a href=\"https:\/\/domainecadignac.com\/wp-content\/uploads\/2021\/03\/img_4236-scaled.jpg\"><img decoding=\"async\" data-id=\"341\" src=\"https:\/\/domainecadignacgites.files.wordpress.com\/2021\/03\/img_4236.jpg?w=1024\" alt=\"\" class=\"wp-image-341\"\/><\/a><\/figure>\n\n\n\n<figure class=\"wp-block-image size-large\"><a href=\"https:\/\/domainecadignac.com\/wp-content\/uploads\/2021\/03\/img_4237-scaled.jpg\"><img decoding=\"async\" data-id=\"342\" src=\"https:\/\/domainecadignacgites.files.wordpress.com\/2021\/03\/img_4237.jpg?w=1024\" alt=\"\" class=\"wp-image-342\"\/><\/a><\/figure>\n\n\n\n<figure class=\"wp-block-image size-large\"><a href=\"https:\/\/domainecadignac.com\/wp-content\/uploads\/2021\/03\/img_4239-scaled.jpg\"><img decoding=\"async\" data-id=\"343\" src=\"https:\/\/domainecadignacgites.files.wordpress.com\/2021\/03\/img_4239.jpg?w=1024\" alt=\"\" class=\"wp-image-343\"\/><\/a><\/figure>\n<\/figure>\n\n<p><\/p>\n\n<h2 class=\"wp-block-heading\" style=\"font-size:18px;text-transform:uppercase\">Oliveraie<\/h2>\n\n<p>Au fur et \u00e0 mesure que vous avancez vers l&rsquo;extr\u00e9mit\u00e9 de l&rsquo;oliveraie, vous \u00eates r\u00e9compens\u00e9 par des vues \u00e0 couper le souffle sur les vastes vignobles qui s&rsquo;\u00e9tendent jusqu&rsquo;\u00e0 l&rsquo;horizon. Le panorama de collines ondulantes et de rang\u00e9es de vignes cr\u00e9e un spectacle pittoresque qui change au fil des saisons. <\/p>\n\n<p>Un niveau au-dessus de l&rsquo;oliveraie se trouve une terrasse o\u00f9 les arbres fruitiers poussent en abondance. C&rsquo;est un endroit plein de s\u00e9r\u00e9nit\u00e9 et de fra\u00eecheur, o\u00f9 l&rsquo;ombre des arbres fruitiers offre une \u00e9chappatoire bienvenue au soleil d&rsquo;\u00e9t\u00e9. Ici, vous pouvez vous d\u00e9tendre sous les feuilles des arbres. Entourez-vous du doux parfum des fruits qui m\u00fbrissent et go\u00fbtez \u00e0 l&rsquo;harmonie des sons naturels qui vous entourent.   <\/p>\n\n<p>Que ce soit pour se rafra\u00eechir dans la piscine, se d\u00e9tendre dans l&rsquo;oliveraie, admirer la vue sur les vignobles ou se relaxer sous les arbres fruitiers. Notre jardin est un lieu enchanteur o\u00f9 chaque terrasse offre une nouvelle aventure. C&rsquo;est un lieu o\u00f9 la splendeur de la nature se confond avec le confort de l&rsquo;homme. C&rsquo;est donc un cadre id\u00e9al pour profiter des plaisirs simples de la vie.<\/p>\n\n<figure class=\"wp-block-gallery has-nested-images columns-default is-cropped wp-block-gallery-3 is-layout-flex wp-block-gallery-is-layout-flex\">\n<figure class=\"wp-block-image size-large\"><a href=\"https:\/\/domainecadignac.com\/wp-content\/uploads\/2022\/03\/img_8679-scaled.jpeg\"><img decoding=\"async\" data-id=\"825\" src=\"https:\/\/domainecadignacgites.files.wordpress.com\/2022\/03\/img_8679.jpeg?w=1024\" alt=\"\" class=\"wp-image-825\"\/><\/a><\/figure>\n\n\n\n<figure class=\"wp-block-image size-large\"><a href=\"https:\/\/domainecadignac.com\/wp-content\/uploads\/2022\/03\/img_8677.jpeg\"><img loading=\"lazy\" decoding=\"async\" width=\"944\" height=\"1280\" data-id=\"824\" src=\"https:\/\/domainecadignacgites.files.wordpress.com\/2022\/03\/img_8677.jpeg?w=755\" alt=\"\" class=\"wp-image-824\" srcset=\"https:\/\/www.domainecadignac.com\/wp-content\/uploads\/2022\/03\/img_8677.jpeg 944w, https:\/\/www.domainecadignac.com\/wp-content\/uploads\/2022\/03\/img_8677-221x300.jpeg 221w, https:\/\/www.domainecadignac.com\/wp-content\/uploads\/2022\/03\/img_8677-755x1024.jpeg 755w, https:\/\/www.domainecadignac.com\/wp-content\/uploads\/2022\/03\/img_8677-768x1041.jpeg 768w, https:\/\/www.domainecadignac.com\/wp-content\/uploads\/2022\/03\/img_8677-940x1275.jpeg 940w, https:\/\/www.domainecadignac.com\/wp-content\/uploads\/2022\/03\/img_8677-295x400.jpeg 295w\" sizes=\"auto, (max-width: 944px) 100vw, 944px\" \/><\/a><\/figure>\n\n\n\n<figure class=\"wp-block-image size-large\"><a href=\"https:\/\/domainecadignac.com\/wp-content\/uploads\/2022\/03\/img_8682.jpeg\"><img loading=\"lazy\" decoding=\"async\" width=\"960\" height=\"960\" data-id=\"823\" src=\"https:\/\/domainecadignacgites.files.wordpress.com\/2022\/03\/img_8682.jpeg?w=960\" alt=\"\" class=\"wp-image-823\" srcset=\"https:\/\/www.domainecadignac.com\/wp-content\/uploads\/2022\/03\/img_8682.jpeg 960w, https:\/\/www.domainecadignac.com\/wp-content\/uploads\/2022\/03\/img_8682-300x300.jpeg 300w, https:\/\/www.domainecadignac.com\/wp-content\/uploads\/2022\/03\/img_8682-150x150.jpeg 150w, https:\/\/www.domainecadignac.com\/wp-content\/uploads\/2022\/03\/img_8682-768x768.jpeg 768w, https:\/\/www.domainecadignac.com\/wp-content\/uploads\/2022\/03\/img_8682-940x940.jpeg 940w, https:\/\/www.domainecadignac.com\/wp-content\/uploads\/2022\/03\/img_8682-400x400.jpeg 400w\" sizes=\"auto, (max-width: 960px) 100vw, 960px\" \/><\/a><\/figure>\n<\/figure>\n\n<p><\/p>\n\n<p class=\"has-text-align-center\">d\u00e9but mars : les cerisiers et les p\u00eachers sont en pleine floraison<\/p>\n","protected":false},"excerpt":{"rendered":"<p>Notre jardin est une oasis de paix et de beaut\u00e9. Il se compose de terrasses qui s&rsquo;\u00e9tendent gracieusement depuis notre maison jusqu&rsquo;\u00e0 la vall\u00e9e luxuriante. Chaque niveau de cette oasis de verdure a son propre&hellip; <a href=\"https:\/\/www.domainecadignac.com\/fr\/jardin\/\">Plus<\/a><\/p>\n","protected":false},"author":2,"featured_media":0,"parent":0,"menu_order":0,"comment_status":"closed","ping_status":"closed","template":"","meta":{"footnotes":""},"class_list":["post-2315","page","type-page","status-publish","hentry"],"yoast_head":"<!-- This site is optimized with the Yoast SEO plugin v27.5 - https:\/\/yoast.com\/product\/yoast-seo-wordpress\/ -->\n<title>Le jardin du domaine Cadignac - maisons de vacances.<\/title>\n<meta name=\"description\" content=\"Dans le jardin du domaine Cadignac, vous pourrez appr\u00e9cier les parfums proven\u00e7aux de lavande et de romarin, mais aussi le son des cigales.\" \/>\n<meta name=\"robots\" content=\"index, follow, max-snippet:-1, max-image-preview:large, max-video-preview:-1\" \/>\n<link rel=\"canonical\" href=\"https:\/\/www.domainecadignac.com\/fr\/jardin\/\" \/>\n<meta property=\"og:locale\" content=\"fr_FR\" \/>\n<meta property=\"og:type\" content=\"article\" \/>\n<meta property=\"og:title\" content=\"Le jardin du domaine Cadignac - maisons de vacances.\" \/>\n<meta property=\"og:description\" content=\"Dans le jardin du domaine Cadignac, vous pourrez appr\u00e9cier les parfums proven\u00e7aux de lavande et de romarin, mais aussi le son des cigales.\" \/>\n<meta property=\"og:url\" content=\"https:\/\/www.domainecadignac.com\/fr\/jardin\/\" \/>\n<meta property=\"article:publisher\" content=\"https:\/\/facebook.com\/domainecadignac\" \/>\n<meta property=\"article:modified_time\" content=\"2024-03-12T14:41:16+00:00\" \/>\n<meta property=\"og:image\" content=\"https:\/\/domainecadignacgites.files.wordpress.com\/2021\/03\/img_4196.jpg?w=1024\" \/>\n<meta name=\"twitter:card\" content=\"summary_large_image\" \/>\n<meta name=\"twitter:label1\" content=\"Dur\u00e9e de lecture estim\u00e9e\" \/>\n\t<meta name=\"twitter:data1\" content=\"5 minutes\" \/>\n<script type=\"application\/ld+json\" class=\"yoast-schema-graph\">{\"@context\":\"https:\\\/\\\/schema.org\",\"@graph\":[{\"@type\":\"WebPage\",\"@id\":\"https:\\\/\\\/www.domainecadignac.com\\\/fr\\\/jardin\\\/\",\"url\":\"https:\\\/\\\/www.domainecadignac.com\\\/fr\\\/jardin\\\/\",\"name\":\"Le jardin du domaine Cadignac - maisons de vacances.\",\"isPartOf\":{\"@id\":\"https:\\\/\\\/www.domainecadignac.com\\\/fr\\\/#website\"},\"primaryImageOfPage\":{\"@id\":\"https:\\\/\\\/www.domainecadignac.com\\\/fr\\\/jardin\\\/#primaryimage\"},\"image\":{\"@id\":\"https:\\\/\\\/www.domainecadignac.com\\\/fr\\\/jardin\\\/#primaryimage\"},\"thumbnailUrl\":\"https:\\\/\\\/domainecadignacgites.files.wordpress.com\\\/2021\\\/03\\\/img_4196.jpg?w=1024\",\"datePublished\":\"2021-03-11T12:37:30+00:00\",\"dateModified\":\"2024-03-12T14:41:16+00:00\",\"description\":\"Dans le jardin du domaine Cadignac, vous pourrez appr\u00e9cier les parfums proven\u00e7aux de lavande et de romarin, mais aussi le son des cigales.\",\"breadcrumb\":{\"@id\":\"https:\\\/\\\/www.domainecadignac.com\\\/fr\\\/jardin\\\/#breadcrumb\"},\"inLanguage\":\"fr-FR\",\"potentialAction\":[{\"@type\":\"ReadAction\",\"target\":[\"https:\\\/\\\/www.domainecadignac.com\\\/fr\\\/jardin\\\/\"]}]},{\"@type\":\"ImageObject\",\"inLanguage\":\"fr-FR\",\"@id\":\"https:\\\/\\\/www.domainecadignac.com\\\/fr\\\/jardin\\\/#primaryimage\",\"url\":\"https:\\\/\\\/domainecadignacgites.files.wordpress.com\\\/2021\\\/03\\\/img_4196.jpg?w=1024\",\"contentUrl\":\"https:\\\/\\\/domainecadignacgites.files.wordpress.com\\\/2021\\\/03\\\/img_4196.jpg?w=1024\"},{\"@type\":\"BreadcrumbList\",\"@id\":\"https:\\\/\\\/www.domainecadignac.com\\\/fr\\\/jardin\\\/#breadcrumb\",\"itemListElement\":[{\"@type\":\"ListItem\",\"position\":1,\"name\":\"Home\",\"item\":\"https:\\\/\\\/www.domainecadignac.com\\\/fr\\\/\"},{\"@type\":\"ListItem\",\"position\":2,\"name\":\"JARDIN\"}]},{\"@type\":\"WebSite\",\"@id\":\"https:\\\/\\\/www.domainecadignac.com\\\/fr\\\/#website\",\"url\":\"https:\\\/\\\/www.domainecadignac.com\\\/fr\\\/\",\"name\":\"vakantiehuizen in de Provence\",\"description\":\"Maison de vacances avec piscine en Provence, pr\u00e8s d&#039;Avignon &amp; Uz\u00e8s\",\"publisher\":{\"@id\":\"https:\\\/\\\/www.domainecadignac.com\\\/fr\\\/#organization\"},\"potentialAction\":[{\"@type\":\"SearchAction\",\"target\":{\"@type\":\"EntryPoint\",\"urlTemplate\":\"https:\\\/\\\/www.domainecadignac.com\\\/fr\\\/?s={search_term_string}\"},\"query-input\":{\"@type\":\"PropertyValueSpecification\",\"valueRequired\":true,\"valueName\":\"search_term_string\"}}],\"inLanguage\":\"fr-FR\"},{\"@type\":\"Organization\",\"@id\":\"https:\\\/\\\/www.domainecadignac.com\\\/fr\\\/#organization\",\"name\":\"Domaine Cadignac - maison d\u2019h\u00f4tes\",\"url\":\"https:\\\/\\\/www.domainecadignac.com\\\/fr\\\/\",\"logo\":{\"@type\":\"ImageObject\",\"inLanguage\":\"fr-FR\",\"@id\":\"https:\\\/\\\/www.domainecadignac.com\\\/fr\\\/#\\\/schema\\\/logo\\\/image\\\/\",\"url\":\"https:\\\/\\\/www.domainecadignac.com\\\/wp-content\\\/uploads\\\/2024\\\/02\\\/IMG_2225.jpeg\",\"contentUrl\":\"https:\\\/\\\/www.domainecadignac.com\\\/wp-content\\\/uploads\\\/2024\\\/02\\\/IMG_2225.jpeg\",\"width\":1326,\"height\":816,\"caption\":\"Domaine Cadignac - maison d\u2019h\u00f4tes\"},\"image\":{\"@id\":\"https:\\\/\\\/www.domainecadignac.com\\\/fr\\\/#\\\/schema\\\/logo\\\/image\\\/\"},\"sameAs\":[\"https:\\\/\\\/facebook.com\\\/domainecadignac\",\"https:\\\/\\\/instagram.com\\\/domainecadignac\"]}]}<\/script>\n<!-- \/ Yoast SEO plugin. -->","yoast_head_json":{"title":"Le jardin du domaine Cadignac - maisons de vacances.","description":"Dans le jardin du domaine Cadignac, vous pourrez appr\u00e9cier les parfums proven\u00e7aux de lavande et de romarin, mais aussi le son des cigales.","robots":{"index":"index","follow":"follow","max-snippet":"max-snippet:-1","max-image-preview":"max-image-preview:large","max-video-preview":"max-video-preview:-1"},"canonical":"https:\/\/www.domainecadignac.com\/fr\/jardin\/","og_locale":"fr_FR","og_type":"article","og_title":"Le jardin du domaine Cadignac - maisons de vacances.","og_description":"Dans le jardin du domaine Cadignac, vous pourrez appr\u00e9cier les parfums proven\u00e7aux de lavande et de romarin, mais aussi le son des cigales.","og_url":"https:\/\/www.domainecadignac.com\/fr\/jardin\/","article_publisher":"https:\/\/facebook.com\/domainecadignac","article_modified_time":"2024-03-12T14:41:16+00:00","og_image":[{"url":"https:\/\/domainecadignacgites.files.wordpress.com\/2021\/03\/img_4196.jpg?w=1024","type":"","width":"","height":""}],"twitter_card":"summary_large_image","twitter_misc":{"Dur\u00e9e de lecture estim\u00e9e":"5 minutes"},"schema":{"@context":"https:\/\/schema.org","@graph":[{"@type":"WebPage","@id":"https:\/\/www.domainecadignac.com\/fr\/jardin\/","url":"https:\/\/www.domainecadignac.com\/fr\/jardin\/","name":"Le jardin du domaine Cadignac - maisons de vacances.","isPartOf":{"@id":"https:\/\/www.domainecadignac.com\/fr\/#website"},"primaryImageOfPage":{"@id":"https:\/\/www.domainecadignac.com\/fr\/jardin\/#primaryimage"},"image":{"@id":"https:\/\/www.domainecadignac.com\/fr\/jardin\/#primaryimage"},"thumbnailUrl":"https:\/\/domainecadignacgites.files.wordpress.com\/2021\/03\/img_4196.jpg?w=1024","datePublished":"2021-03-11T12:37:30+00:00","dateModified":"2024-03-12T14:41:16+00:00","description":"Dans le jardin du domaine Cadignac, vous pourrez appr\u00e9cier les parfums proven\u00e7aux de lavande et de romarin, mais aussi le son des cigales.","breadcrumb":{"@id":"https:\/\/www.domainecadignac.com\/fr\/jardin\/#breadcrumb"},"inLanguage":"fr-FR","potentialAction":[{"@type":"ReadAction","target":["https:\/\/www.domainecadignac.com\/fr\/jardin\/"]}]},{"@type":"ImageObject","inLanguage":"fr-FR","@id":"https:\/\/www.domainecadignac.com\/fr\/jardin\/#primaryimage","url":"https:\/\/domainecadignacgites.files.wordpress.com\/2021\/03\/img_4196.jpg?w=1024","contentUrl":"https:\/\/domainecadignacgites.files.wordpress.com\/2021\/03\/img_4196.jpg?w=1024"},{"@type":"BreadcrumbList","@id":"https:\/\/www.domainecadignac.com\/fr\/jardin\/#breadcrumb","itemListElement":[{"@type":"ListItem","position":1,"name":"Home","item":"https:\/\/www.domainecadignac.com\/fr\/"},{"@type":"ListItem","position":2,"name":"JARDIN"}]},{"@type":"WebSite","@id":"https:\/\/www.domainecadignac.com\/fr\/#website","url":"https:\/\/www.domainecadignac.com\/fr\/","name":"vakantiehuizen in de Provence","description":"Maison de vacances avec piscine en Provence, pr\u00e8s d&#039;Avignon &amp; Uz\u00e8s","publisher":{"@id":"https:\/\/www.domainecadignac.com\/fr\/#organization"},"potentialAction":[{"@type":"SearchAction","target":{"@type":"EntryPoint","urlTemplate":"https:\/\/www.domainecadignac.com\/fr\/?s={search_term_string}"},"query-input":{"@type":"PropertyValueSpecification","valueRequired":true,"valueName":"search_term_string"}}],"inLanguage":"fr-FR"},{"@type":"Organization","@id":"https:\/\/www.domainecadignac.com\/fr\/#organization","name":"Domaine Cadignac - maison d\u2019h\u00f4tes","url":"https:\/\/www.domainecadignac.com\/fr\/","logo":{"@type":"ImageObject","inLanguage":"fr-FR","@id":"https:\/\/www.domainecadignac.com\/fr\/#\/schema\/logo\/image\/","url":"https:\/\/www.domainecadignac.com\/wp-content\/uploads\/2024\/02\/IMG_2225.jpeg","contentUrl":"https:\/\/www.domainecadignac.com\/wp-content\/uploads\/2024\/02\/IMG_2225.jpeg","width":1326,"height":816,"caption":"Domaine Cadignac - maison d\u2019h\u00f4tes"},"image":{"@id":"https:\/\/www.domainecadignac.com\/fr\/#\/schema\/logo\/image\/"},"sameAs":["https:\/\/facebook.com\/domainecadignac","https:\/\/instagram.com\/domainecadignac"]}]}},"_links":{"self":[{"href":"https:\/\/www.domainecadignac.com\/fr\/wp-json\/wp\/v2\/pages\/2315","targetHints":{"allow":["GET"]}}],"collection":[{"href":"https:\/\/www.domainecadignac.com\/fr\/wp-json\/wp\/v2\/pages"}],"about":[{"href":"https:\/\/www.domainecadignac.com\/fr\/wp-json\/wp\/v2\/types\/page"}],"author":[{"embeddable":true,"href":"https:\/\/www.domainecadignac.com\/fr\/wp-json\/wp\/v2\/users\/2"}],"replies":[{"embeddable":true,"href":"https:\/\/www.domainecadignac.com\/fr\/wp-json\/wp\/v2\/comments?post=2315"}],"version-history":[{"count":11,"href":"https:\/\/www.domainecadignac.com\/fr\/wp-json\/wp\/v2\/pages\/2315\/revisions"}],"predecessor-version":[{"id":5743,"href":"https:\/\/www.domainecadignac.com\/fr\/wp-json\/wp\/v2\/pages\/2315\/revisions\/5743"}],"wp:attachment":[{"href":"https:\/\/www.domainecadignac.com\/fr\/wp-json\/wp\/v2\/media?parent=2315"}],"curies":[{"name":"wp","href":"https:\/\/api.w.org\/{rel}","templated":true}]}}